{"id":13781,"date":"2021-09-17T13:54:59","date_gmt":"2021-09-17T11:54:59","guid":{"rendered":"https:\/\/geniabioenergy.com\/avis-legal\/"},"modified":"2023-07-06T12:17:13","modified_gmt":"2023-07-06T10:17:13","slug":"avis-legal","status":"publish","type":"page","link":"https:\/\/geniabioenergy.com\/fr\/avis-legal\/","title":{"rendered":"Avis L\u00e9gal"},"content":{"rendered":"<style>.elementor-widget-heading .elementor-heading-title{font-family:var( --e-global-typography-primary-font-family ), open sans;font-weight:var( --e-global-typography-primary-font-weight );color:var( --e-global-color-primary );}.pp-tooltip.pp-tooltip-{{ID}} .pp-tooltip-content{font-family:var( --e-global-typography-accent-font-family ), open sans;font-weight:var( --e-global-typography-accent-font-weight );}.elementor-13781 .elementor-element.elementor-element-3f17433 .elementor-heading-title{font-family:\"Open Sans\", open sans;font-size:28px;font-weight:300;color:#000000;}.elementor-13781 .elementor-element.elementor-element-3f17433 > .elementor-widget-container{padding:42px 0px 12px 0px;}.elementor-widget-text-editor{font-family:var( --e-global-typography-text-font-family ), open sans;font-weight:var( --e-global-typography-text-font-weight );color:var( --e-global-color-text );}.elementor-widget-text-editor.elementor-drop-cap-view-stacked .elementor-drop-cap{background-color:var( --e-global-color-primary );}.elementor-widget-text-editor.elementor-drop-cap-view-framed .elementor-drop-cap, .elementor-widget-text-editor.elementor-drop-cap-view-default .elementor-drop-cap{color:var( --e-global-color-primary );border-color:var( --e-global-color-primary );}.elementor-13781 .elementor-element.elementor-element-1f66c19d{text-align:justify;font-family:\"Open Sans\", open sans;font-size:16px;font-weight:400;line-height:1.8em;}.elementor-13781 .elementor-element.elementor-element-1f66c19d > .elementor-widget-container{padding:0px 0px 70px 0px;}@media(max-width:1024px){.elementor-13781 .elementor-element.elementor-element-b9b614d{padding:0px 40px 0px 40px;}.elementor-13781 .elementor-element.elementor-element-3f17433 > .elementor-widget-container{padding:40px 40px 10px 0px;}}@media(max-width:767px){.elementor-13781 .elementor-element.elementor-element-b9b614d{padding:0px 20px 5px 20px;}}<\/style>\t\t<div data-elementor-type=\"wp-page\" data-elementor-id=\"13781\" class=\"elementor elementor-13781 elementor-6100\" data-elementor-settings=\"{&quot;ha_cmc_init_switcher&quot;:&quot;no&quot;}\" data-elementor-post-type=\"page\">\n\t\t\t\t\t\t<section class=\"elementor-section elementor-top-section elementor-element elementor-element-b9b614d elementor-section-boxed elementor-section-height-default elementor-section-height-default\" data-id=\"b9b614d\" data-element_type=\"section\" data-e-type=\"section\" data-settings=\"{&quot;_ha_eqh_enable&quot;:false}\">\n\t\t\t\t\t\t<div class=\"elementor-container elementor-column-gap-default\">\n\t\t\t\t\t<div class=\"elementor-column elementor-col-100 elementor-top-column elementor-element elementor-element-5550cf68\" data-id=\"5550cf68\" data-element_type=\"column\" data-e-type=\"column\">\n\t\t\t<div class=\"elementor-widget-wrap elementor-element-populated\">\n\t\t\t\t\t\t<div class=\"elementor-element elementor-element-3f17433 elementor-widget elementor-widget-heading\" data-id=\"3f17433\" data-element_type=\"widget\" data-e-type=\"widget\" data-widget_type=\"heading.default\">\n\t\t\t\t<div class=\"elementor-widget-container\">\n\t\t\t\t\t<h1 class=\"elementor-heading-title elementor-size-default\">AVIS L\u00c9GAL<\/h1>\t\t\t\t<\/div>\n\t\t\t\t<\/div>\n\t\t\t\t<div class=\"elementor-element elementor-element-1f66c19d elementor-widget elementor-widget-text-editor\" data-id=\"1f66c19d\" data-element_type=\"widget\" data-e-type=\"widget\" data-widget_type=\"text-editor.default\">\n\t\t\t\t<div class=\"elementor-widget-container\">\n\t\t\t\t\t\t\t\t\t<p><strong>LOI SUR LES SERVICES DE LA SOCI\u00c9T\u00c9 DE L&rsquo;INFORMATION (LSSI)<\/strong><\/p>\n<p>GRUPO GENIADABAR, S. L., responsable du site Web, ci-apr\u00e8s d\u00e9nomm\u00e9 RESPONSABLE, met \u00e0 la disposition des utilisateurs le pr\u00e9sent document, dans le but de respecter les obligations pr\u00e9vues par la loi 34\/2002, du 11 juillet, relative aux services de la soci\u00e9t\u00e9 de l&rsquo;information et au commerce \u00e9lectronique (LSSICE), BOE n\u00ba 166, ainsi que d&rsquo;informer tous les utilisateurs du site web sur les conditions d&rsquo;utilisation.<\/p>\n<p>Toute personne acc\u00e9dant \u00e0 ce site web assume le r\u00f4le d&rsquo;utilisateur et s&rsquo;engage \u00e0 observer et \u00e0 respecter scrupuleusement les dispositions du pr\u00e9sent document, ainsi que toute autre disposition l\u00e9gale applicable.<\/p>\n<p>Le GRUPO GENIADABAR, S. L. se r\u00e9serve le droit de modifier tout type d&rsquo;information pouvant figurer sur le site Web, sans obligation de pr\u00e9avis ni d&rsquo;information des utilisateurs, la publication sur le site Web du GRUPO GENIADABAR, S. L. \u00e9tant consid\u00e9r\u00e9e comme suffisante.<\/p>\n<ol>\n<li><strong>DONN\u00c9ES D&rsquo;IDENTIFICATION<\/strong><\/li>\n<\/ol>\n<p>Nom de domaine: geniabioenergy.com<br \/>Nom commercial: Genia Global Energy<br \/>Nom de l&rsquo;entreprise: GRUPO GENIADABAR, S. L.<br \/>FNI: B98923550<br \/>Si\u00e8ge social: Avenida Ronda de Nazaret 9 bajo \u2013 46024 Valencia, Espa\u00f1a (Valence, Espagne).<br \/>T\u00e9l\u00e9phone: 963220544<br \/>Courrier \u00e9lectronique: info@geniaglobal.com<br \/>Inscription au registre (commercial \/ public) : Registre du commerce de VALENCIA T 9982, L 7264, F 95, S 8, H V 166016<\/p>\n<ol start=\"2\">\n<li><strong>DROITS DE PROPRI\u00c9T\u00c9 INTELLECTUELLE ET INDUSTRIELLE<\/strong><\/li>\n<\/ol>\n<p>Le site web, y compris, mais sans s&rsquo;y limiter, sa programmation, son \u00e9dition, sa compilation et les autres \u00e9l\u00e9ments n\u00e9cessaires \u00e0 son fonctionnement, les dessins, les logos, les textes et\/ou les graphiques, sont la propri\u00e9t\u00e9 de la PARTIE RESPONSABLE ou, le cas \u00e9ch\u00e9ant, b\u00e9n\u00e9ficient d&rsquo;une licence ou d&rsquo;une autorisation expresse de la part des auteurs. Tous les contenus du site Web sont d\u00fbment prot\u00e9g\u00e9s par la r\u00e9glementation en mati\u00e8re de propri\u00e9t\u00e9 intellectuelle et industrielle, et sont inscrits dans les registres publics correspondants.<\/p>\n<p>Quelle que soit la finalit\u00e9 poursuivie, la reproduction, l&rsquo;utilisation, l&rsquo;exploitation, la distribution et la commercialisation, totales ou partielles, requi\u00e8rent dans tous les cas l&rsquo;autorisation \u00e9crite pr\u00e9alable du RESPONSABLE. Toute utilisation non autoris\u00e9e est consid\u00e9r\u00e9e comme une violation grave des droits de propri\u00e9t\u00e9 intellectuelle ou industrielle de l&rsquo;auteur.<\/p>\n<p>Les dessins, logos, textes et\/ou graphiques qui n&rsquo;appartiennent pas au RESPONSABLE et qui peuvent appara\u00eetre sur le site web appartiennent \u00e0 leurs propri\u00e9taires respectifs, qui sont eux-m\u00eames responsables de toute controverse \u00e9ventuelle \u00e0 ce sujet. Le RESPONSABLE autorise express\u00e9ment les tiers \u00e0 rediriger directement vers les contenus sp\u00e9cifiques du site, et en tout \u00e9tat de cause \u00e0 rediriger vers le site principal de geniaglobal.com.<\/p>\n<p>Le RESPONSABLE reconna\u00eet les droits de propri\u00e9t\u00e9 intellectuelle et industrielle correspondants en faveur de leurs propri\u00e9taires, et leur simple mention ou apparition sur le site web n&rsquo;implique l&rsquo;existence d&rsquo;aucun droit ou responsabilit\u00e9 de quelque nature que ce soit \u00e0 leur \u00e9gard, ni aucune approbation, parrainage ou recommandation de leur part.<\/p>\n<p>Pour formuler des observations sur d&rsquo;\u00e9ventuelles violations des droits de propri\u00e9t\u00e9 intellectuelle ou industrielle, ainsi que sur tout contenu du site web, vous pouvez envoyer un courrier \u00e9lectronique \u00e0 l&rsquo;adresse suivante info@geniaglobal.com.<\/p>\n<ol start=\"3\">\n<li><strong>EXON\u00c9RATION DE RESPONSABILIT\u00c9<\/strong><\/li>\n<\/ol>\n<p>Le RESPONSABLE d\u00e9cline toute responsabilit\u00e9 pour les informations publi\u00e9es sur son site web si ces informations ont \u00e9t\u00e9 manipul\u00e9es ou introduites par un tiers ext\u00e9rieur \u00e0 celui-ci.<\/p>\n<p><strong>Utilisation des Cookies<\/strong><\/p>\n<p>Ce site web peut utiliser des cookies techniques (petits fichiers d&rsquo;information que le serveur envoie \u00e0 l&rsquo;ordinateur de la personne qui acc\u00e8de \u00e0 la page) pour ex\u00e9cuter certaines fonctions consid\u00e9r\u00e9es comme essentielles au bon fonctionnement et \u00e0 la visualisation du site. Les cookies utilis\u00e9s sont, en tout \u00e9tat de cause, de nature temporaire, dans le seul but de rendre la navigation plus efficace, et disparaissent \u00e0 la fin de la session de l&rsquo;utilisateur. Ces cookies ne fournissent en aucun cas des donn\u00e9es personnelles et ne sont pas utilis\u00e9s pour collecter de telles donn\u00e9es.<\/p>\n<p>Gr\u00e2ce \u00e0 l&rsquo;utilisation de cookies, il est \u00e9galement possible que le serveur o\u00f9 se trouve le site web reconnaisse le navigateur utilis\u00e9 par l&rsquo;utilisateur afin de faciliter la navigation, en permettant, par exemple, aux utilisateurs qui se sont pr\u00e9alablement enregistr\u00e9s d&rsquo;acc\u00e9der \u00e0 des zones, des services, des promotions ou des concours qui leur sont exclusivement r\u00e9serv\u00e9s, sans avoir \u00e0 s&rsquo;enregistrer lors de chaque visite. Ils peuvent \u00e9galement \u00eatre utilis\u00e9s pour mesurer l&rsquo;audience, les param\u00e8tres de trafic, contr\u00f4ler la progression et le nombre d&rsquo;entr\u00e9es, etc. Ce site web n&rsquo;installera pas de cookies dispensables sans le consentement pr\u00e9alable de l&rsquo;utilisateur.<\/p>\n<p>Ce site utilise des cookies analytiques (_ga ou _utm) appartenant \u00e0 Google Analytics, persistants pendant 2 ans, pour activer la fonction de suivi unique des visiteurs afin de faciliter votre navigation. Tous les utilisateurs qui visitent le site web sont inform\u00e9s de l&rsquo;utilisation de ces cookies au moyen d&rsquo;une banni\u00e8re flottante, consid\u00e9rant que s&rsquo;ils continuent \u00e0 naviguer sur le site web, ils acceptent leur utilisation. Si vous acceptez leur utilisation, la banni\u00e8re dispara\u00eetra, mais vous pouvez r\u00e9voquer votre consentement \u00e0 tout moment et obtenir plus d&rsquo;informations en consultant notre politique en mati\u00e8re de cookies.<br \/>L&rsquo;utilisateur a la possibilit\u00e9 de configurer son navigateur pour \u00eatre alert\u00e9 de la r\u00e9ception de cookies et pour emp\u00eacher leur installation sur son \u00e9quipement. Veuillez vous r\u00e9f\u00e9rer aux instructions de votre navigateur pour plus d&rsquo;informations.<\/p>\n<p><strong>Politique de liens<\/strong><\/p>\n<p>\u00c0 partir du site web, vous pouvez \u00eatre redirig\u00e9 vers le contenu de sites web de tiers. \u00c9tant donn\u00e9 que le RESPONSABLE ne peut pas toujours contr\u00f4ler le contenu affich\u00e9 par des tiers sur leurs sites web respectifs, le RESPONSABLE n&rsquo;assume aucune responsabilit\u00e9 pour ce contenu. En tout \u00e9tat de cause, il retirera imm\u00e9diatement tout contenu susceptible de contrevenir \u00e0 la l\u00e9gislation nationale ou internationale, \u00e0 la morale ou \u00e0 l&rsquo;ordre public, en supprimant imm\u00e9diatement la redirection vers ledit site et en informant les autorit\u00e9s comp\u00e9tentes du contenu en question.<\/p>\n<p>Le RESPONSABLE n&rsquo;est pas responsable des informations et du contenu stock\u00e9s, y compris, mais sans s&rsquo;y limiter, dans les forums, les chats, les g\u00e9n\u00e9rateurs de blogs, les commentaires, les r\u00e9seaux sociaux ou tout autre support permettant \u00e0 des tiers de publier du contenu de mani\u00e8re ind\u00e9pendante sur le site web du RESPONSABLE. Toutefois, et conform\u00e9ment aux dispositions des articles 11 et 16 de la LSSICE, il se met \u00e0 la disposition de tous les utilisateurs, autorit\u00e9s et forces de s\u00e9curit\u00e9, en collaborant activement au retrait ou, le cas \u00e9ch\u00e9ant, au blocage de tout contenu susceptible d&rsquo;affecter ou de contrevenir \u00e0 la l\u00e9gislation nationale ou internationale, aux droits des tiers ou \u00e0 la morale et \u00e0 l&rsquo;ordre public. Si l&rsquo;utilisateur consid\u00e8re qu&rsquo;il existe un contenu sur le site web susceptible d&rsquo;\u00eatre class\u00e9 dans cette cat\u00e9gorie, il est pri\u00e9 d&rsquo;en informer imm\u00e9diatement l&rsquo;administrateur du site web.<\/p>\n<p>Ce site web a \u00e9t\u00e9 revu et test\u00e9 afin de s&rsquo;assurer qu&rsquo;il fonctionne correctement. En principe, le bon fonctionnement peut \u00eatre garanti 365 jours par an, 24 heures par jour. Toutefois, la PARTIE RESPONSABLE n&rsquo;exclut pas la possibilit\u00e9 qu&rsquo;il y ait certaines erreurs de programmation, ou qu&rsquo;il y ait des cas de force majeure, des catastrophes naturelles, des gr\u00e8ves ou des circonstances similaires qui rendent l&rsquo;acc\u00e8s au site web impossible.<\/p>\n<p><strong>Adresses IP<\/strong><\/p>\n<p>Les serveurs du site web peuvent d\u00e9tecter automatiquement l&rsquo;adresse IP et le nom de domaine utilis\u00e9s par l&rsquo;utilisateur. Une adresse IP est un num\u00e9ro automatiquement attribu\u00e9 \u00e0 un ordinateur lorsqu&rsquo;il se connecte \u00e0 l&rsquo;internet. Toutes ces informations sont enregistr\u00e9es dans un fichier d&rsquo;activit\u00e9 du serveur d\u00fbment enregistr\u00e9 qui permet le traitement ult\u00e9rieur des donn\u00e9es afin d&rsquo;obtenir des mesures purement statistiques permettant de conna\u00eetre le nombre d&rsquo;impressions de pages, le nombre de visites effectu\u00e9es sur les serveurs web, l&rsquo;ordre des visites, le point d&rsquo;acc\u00e8s, etc.<\/p>\n<ol start=\"4\">\n<li><strong>LOI APPLICABLE ET JURIDICTION<\/strong><\/li>\n<\/ol>\n<p>Pour la r\u00e9solution de tous les litiges ou questions li\u00e9s \u00e0 ce site Web ou aux activit\u00e9s qui y sont r\u00e9alis\u00e9es, la l\u00e9gislation espagnole s&rsquo;appliquera, \u00e0 laquelle les parties se soumettent express\u00e9ment, et les tribunaux les plus proches de VALENCIA seront comp\u00e9tents pour la r\u00e9solution de tous les litiges d\u00e9coulant de son utilisation ou li\u00e9s \u00e0 celle-ci.<\/p>\n\t\t\t\t\t\t\t\t<\/div>\n\t\t\t\t<\/div>\n\t\t\t\t\t<\/div>\n\t\t<\/div>\n\t\t\t\t\t<\/div>\n\t\t<\/section>\n\t\t\t\t<\/div>\n\t\t","protected":false},"excerpt":{"rendered":"<p>AVIS L\u00c9GAL LOI SUR LES SERVICES DE LA SOCI\u00c9T\u00c9 DE L&rsquo;INFORMATION (LSSI) GRUPO GENIADABAR, S. L., responsable du site Web, ci-apr\u00e8s d\u00e9nomm\u00e9 RESPONSABLE, met \u00e0 la disposition des utilisateurs le pr\u00e9sent document, dans le but de respecter les obligations pr\u00e9vues par la loi 34\/2002, du 11 juillet, relative aux services de la soci\u00e9t\u00e9 de l&rsquo;information [&hellip;]<\/p>\n","protected":false},"author":2,"featured_media":0,"parent":0,"menu_order":0,"comment_status":"closed","ping_status":"closed","template":"elementor_header_footer","meta":{"_acf_changed":false,"_seopress_robots_primary_cat":"","_seopress_titles_title":"Avis L\u00e9gal | Genia Bioenergy","_seopress_titles_desc":"Cette page a pour but de r\u00e9pondre aux obligations des services d'information, en informant tous les utilisateurs des conditions du site web.","_seopress_robots_index":"","footnotes":""},"class_list":["post-13781","page","type-page","status-publish","hentry"],"acf":[],"_links":{"self":[{"href":"https:\/\/geniabioenergy.com\/fr\/wp-json\/wp\/v2\/pages\/13781","targetHints":{"allow":["GET"]}}],"collection":[{"href":"https:\/\/geniabioenergy.com\/fr\/wp-json\/wp\/v2\/pages"}],"about":[{"href":"https:\/\/geniabioenergy.com\/fr\/wp-json\/wp\/v2\/types\/page"}],"author":[{"embeddable":true,"href":"https:\/\/geniabioenergy.com\/fr\/wp-json\/wp\/v2\/users\/2"}],"replies":[{"embeddable":true,"href":"https:\/\/geniabioenergy.com\/fr\/wp-json\/wp\/v2\/comments?post=13781"}],"version-history":[{"count":0,"href":"https:\/\/geniabioenergy.com\/fr\/wp-json\/wp\/v2\/pages\/13781\/revisions"}],"wp:attachment":[{"href":"https:\/\/geniabioenergy.com\/fr\/wp-json\/wp\/v2\/media?parent=13781"}],"curies":[{"name":"wp","href":"https:\/\/api.w.org\/{rel}","templated":true}]}}