{"id":13783,"date":"2021-07-19T17:39:39","date_gmt":"2021-07-19T15:39:39","guid":{"rendered":"https:\/\/geniabioenergy.com\/blog\/"},"modified":"2023-07-06T12:21:13","modified_gmt":"2023-07-06T10:21:13","slug":"blog","status":"publish","type":"page","link":"https:\/\/geniabioenergy.com\/fr\/blog\/","title":{"rendered":"Blog"},"content":{"rendered":"<style>.elementor-13783 .elementor-element.elementor-element-0d20fe4 > .elementor-container > .elementor-column > .elementor-widget-wrap{align-content:center;align-items:center;}.elementor-13783 .elementor-element.elementor-element-0d20fe4:not(.elementor-motion-effects-element-type-background), .elementor-13783 .elementor-element.elementor-element-0d20fe4 > .elementor-motion-effects-container > .elementor-motion-effects-layer{background-color:transparent;background-image:radial-gradient(at center left, #E8E8E8 25%, #E8E8E8 100%);}.elementor-13783 .elementor-element.elementor-element-0d20fe4{transition:background 0.3s, border 0.3s, border-radius 0.3s, box-shadow 0.3s;padding:100px 0px 100px 0px;}.elementor-13783 .elementor-element.elementor-element-0d20fe4 > .elementor-background-overlay{transition:background 0.3s, border-radius 0.3s, opacity 0.3s;}.elementor-widget-image .widget-image-caption{color:var( --e-global-color-text );font-family:var( --e-global-typography-text-font-family ), open sans;font-weight:var( --e-global-typography-text-font-weight );}.pp-tooltip.pp-tooltip-{{ID}} .pp-tooltip-content{font-family:var( --e-global-typography-accent-font-family ), open sans;font-weight:var( --e-global-typography-accent-font-weight );}.elementor-widget-heading .elementor-heading-title{font-family:var( --e-global-typography-primary-font-family ), open sans;font-weight:var( --e-global-typography-primary-font-weight );color:var( --e-global-color-primary );}.elementor-13783 .elementor-element.elementor-element-b3c2a62 .elementor-heading-title{font-family:\"Open Sans\", open sans;font-size:40px;font-weight:700;line-height:1.3em;letter-spacing:1px;color:var( --e-global-color-text );}.elementor-widget-text-editor{font-family:var( --e-global-typography-text-font-family ), open sans;font-weight:var( --e-global-typography-text-font-weight );color:var( --e-global-color-text );}.elementor-widget-text-editor.elementor-drop-cap-view-stacked .elementor-drop-cap{background-color:var( --e-global-color-primary );}.elementor-widget-text-editor.elementor-drop-cap-view-framed .elementor-drop-cap, .elementor-widget-text-editor.elementor-drop-cap-view-default .elementor-drop-cap{color:var( --e-global-color-primary );border-color:var( --e-global-color-primary );}.elementor-13783 .elementor-element.elementor-element-5619bac{font-family:\"Open Sans\", open sans;font-size:17px;font-weight:300;line-height:1.6em;color:var( --e-global-color-text );}.elementor-13783 .elementor-element.elementor-element-5619bac > .elementor-widget-container{padding:10px 0px 30px 0px;}.elementor-13783 .elementor-element.elementor-element-2c162a0a > .elementor-container{max-width:1400px;}.elementor-13783 .elementor-element.elementor-element-2c162a0a{margin-top:80px;margin-bottom:0px;}.elementor-13783 .elementor-element.elementor-element-58fc788c > .elementor-element-populated{padding:0px 90px 0px 90px;}.elementor-widget-pp-posts .pp-post-terms{font-family:var( --e-global-typography-secondary-font-family ), open sans;font-weight:var( --e-global-typography-secondary-font-weight );}.elementor-widget-pp-posts .pp-post-title, .elementor-widget-pp-posts .pp-post-title a{color:var( --e-global-color-secondary );}.elementor-widget-pp-posts .pp-post-title a:hover{color:var( --e-global-color-secondary );}.elementor-widget-pp-posts .pp-post-title{font-family:var( --e-global-typography-primary-font-family ), open sans;font-weight:var( --e-global-typography-primary-font-weight );}.elementor-widget-pp-posts .pp-post-excerpt{color:var( --e-global-color-secondary );font-family:var( --e-global-typography-text-font-family ), open sans;font-weight:var( --e-global-typography-text-font-weight );}.elementor-widget-pp-posts .pp-post-meta, .elementor-widget-pp-posts .pp-post-meta a{font-family:var( --e-global-typography-secondary-font-family ), open sans;font-weight:var( --e-global-typography-secondary-font-weight );}.elementor-widget-pp-posts .pp-posts-button{font-family:var( --e-global-typography-accent-font-family ), open sans;font-weight:var( --e-global-typography-accent-font-weight );background-color:var( --e-global-color-accent );}.elementor-widget-pp-posts .pp-posts-pagination .page-numbers, .elementor-widget-pp-posts .pp-posts-pagination a{font-family:var( --e-global-typography-secondary-font-family ), open sans;font-weight:var( --e-global-typography-secondary-font-weight );}.elementor-13783 .elementor-element.elementor-element-96cd331 .pp-post-filters{justify-content:center;}.elementor-13783 .elementor-element.elementor-element-96cd331 .pp-posts-pagination-wrap{text-align:center;}.elementor-13783 .elementor-element.elementor-element-96cd331{--grid-column-gap:25px;--grid-row-gap:25px;}.elementor-13783 .elementor-element.elementor-element-96cd331 .pp-posts:not(.elementor-grid){margin-left:-25px;}.elementor-13783 .elementor-element.elementor-element-96cd331 .pp-posts:not(.elementor-grid) .pp-post-wrap{padding-left:25px;}.elementor-13783 .elementor-element.elementor-element-96cd331 .pp-elementor-grid .pp-grid-item-wrap{margin-bottom:25px;}.elementor-13783 .elementor-element.elementor-element-96cd331 .pp-post{background-color:#E8E8E9;}.elementor-13783 .elementor-element.elementor-element-96cd331 .pp-post-content-wrap{background-color:#ffffff;padding:20px 20px 20px 20px;width:calc(100% - 15px*2);margin-bottom:15px;margin-top:15px;}.elementor-13783 .elementor-element.elementor-element-96cd331 .pp-post:not(.pp-post-no-thumb) .pp-post-content-wrap{margin-top:-45px;}.elementor-13783 .elementor-element.elementor-element-96cd331 .pp-post-filters, .elementor-13783 .elementor-element.elementor-element-96cd331 .pp-post-filters-dropdown{font-family:\"Open Sans\", open sans;text-transform:uppercase;line-height:0.4em;letter-spacing:1.3px;margin-bottom:48px;}body:not(.rtl) .elementor-13783 .elementor-element.elementor-element-96cd331 .pp-post-filters .pp-post-filter{margin-right:5px;}body.rtl .elementor-13783 .elementor-element.elementor-element-96cd331 .pp-post-filters .pp-post-filter{margin-left:5px;}.elementor-13783 .elementor-element.elementor-element-96cd331 .pp-post-filters .pp-post-filter{margin-bottom:5px;}.elementor-13783 .elementor-element.elementor-element-96cd331 .pp-post-filter, .elementor-13783 .elementor-element.elementor-element-96cd331 .pp-post-filters-dropdown-button, .elementor-13783 .elementor-element.elementor-element-96cd331 .pp-post-filters-dropdown-item{color:#020101;background-color:#02010100;}.elementor-13783 .elementor-element.elementor-element-96cd331 .pp-post-filter, .elementor-13783 .elementor-element.elementor-element-96cd331 .pp-post-filters-dropdown-button{border-style:solid;border-width:0px 2px 0px 0px;border-color:#7BBB47;}.elementor-13783 .elementor-element.elementor-element-96cd331 .pp-post-terms{background:#000000;color:#ffffff;}.elementor-13783 .elementor-element.elementor-element-96cd331 .pp-post-title{font-family:\"Open Sans\", open sans;font-size:22px;font-weight:300;margin-bottom:10px;}.elementor-13783 .elementor-element.elementor-element-96cd331 .pp-post-excerpt{font-family:\"Open Sans\", open sans;font-size:16px;font-weight:400;margin-bottom:20px;}.elementor-13783 .elementor-element.elementor-element-96cd331 .pp-posts-button{background-color:#93B27A00;color:#7BBB47;margin:0px 0px 0px 0px;padding:0px 0px 0px 0px;}.elementor-13783 .elementor-element.elementor-element-96cd331 .pp-posts-button svg{fill:#7BBB47;}.elementor-13783 .elementor-element.elementor-element-96cd331 .pp-posts-pagination-top .pp-posts-pagination{margin-bottom:38px;}.elementor-13783 .elementor-element.elementor-element-96cd331 .pp-posts-pagination-bottom .pp-posts-pagination{margin-top:38px;}.elementor-13783 .elementor-element.elementor-element-96cd331 .pp-posts-pagination .page-numbers, .elementor-13783 .elementor-element.elementor-element-96cd331 .pp-posts-pagination a{font-family:\"Open Sans\", open sans;font-weight:400;color:#242424;}.elementor-13783 .elementor-element.elementor-element-96cd331 .pp-posts-pagination .page-numbers.current{color:#7BBB47;}body:not(.rtl) .elementor-13783 .elementor-element.elementor-element-96cd331 .pp-posts-pagination .page-numbers:not(:first-child){margin-left:calc( 10px\/2 );}body:not(.rtl) .elementor-13783 .elementor-element.elementor-element-96cd331 .pp-posts-pagination .page-numbers:not(:last-child){margin-right:calc( 10px\/2 );}body.rtl .elementor-13783 .elementor-element.elementor-element-96cd331 .pp-posts-pagination .page-numbers:not(:first-child){margin-right:calc( 10px\/2 );}body.rtl .elementor-13783 .elementor-element.elementor-element-96cd331 .pp-posts-pagination .page-numbers:not(:last-child){margin-left:calc( 10px\/2 );}.elementor-13783 .elementor-element.elementor-element-96cd331 > .elementor-widget-container{padding:0px 50px 60px 50px;}@media(max-width:1024px){.elementor-13783 .elementor-element.elementor-element-0d20fe4 > .elementor-container{max-width:592px;}.elementor-13783 .elementor-element.elementor-element-0d20fe4{padding:70px 30px 70px 30px;}.elementor-13783 .elementor-element.elementor-element-207c9e9 > .elementor-widget-container{margin:-31px 20px 0px -5px;}.elementor-13783 .elementor-element.elementor-element-b3c2a62 .elementor-heading-title{font-size:35px;}.elementor-13783 .elementor-element.elementor-element-5619bac{font-size:16px;}.elementor-13783 .elementor-element.elementor-element-5619bac > .elementor-widget-container{padding:0px 0px 20px 0px;}.elementor-13783 .elementor-element.elementor-element-2c162a0a{padding:0px 0px 0px 0px;}.elementor-13783 .elementor-element.elementor-element-58fc788c > .elementor-element-populated{padding:0px 50px 0px 50px;}.elementor-13783 .elementor-element.elementor-element-96cd331 .pp-post-filters .pp-post-filter{margin-bottom:25px;}.elementor-13783 .elementor-element.elementor-element-96cd331 .pp-post-filters, .elementor-13783 .elementor-element.elementor-element-96cd331 .pp-post-filters-dropdown{margin-bottom:39px;}.elementor-13783 .elementor-element.elementor-element-96cd331 > .elementor-widget-container{padding:0px 0px 60px 0px;}}@media(max-width:767px){.elementor-13783 .elementor-element.elementor-element-0d20fe4{padding:60px 20px 60px 20px;}.elementor-13783 .elementor-element.elementor-element-207c9e9 > .elementor-widget-container{margin:0px 0px 0px 0px;}.elementor-13783 .elementor-element.elementor-element-85e3eb8 > .elementor-element-populated{padding:0px 10px 0px 10px;}.elementor-13783 .elementor-element.elementor-element-b3c2a62{text-align:center;}.elementor-13783 .elementor-element.elementor-element-b3c2a62 .elementor-heading-title{font-size:38px;}.elementor-13783 .elementor-element.elementor-element-5619bac{text-align:center;font-size:16px;}.elementor-13783 .elementor-element.elementor-element-5619bac > .elementor-widget-container{padding:10px 0px 10px 0px;}.elementor-13783 .elementor-element.elementor-element-2c162a0a{margin-top:50px;margin-bottom:0px;}.elementor-13783 .elementor-element.elementor-element-58fc788c > .elementor-element-populated{padding:20px 20px 20px 20px;}}@media(min-width:768px){.elementor-13783 .elementor-element.elementor-element-667bca9{width:50.175%;}.elementor-13783 .elementor-element.elementor-element-85e3eb8{width:49.825%;}}@media(max-width:1024px) and (min-width:768px){.elementor-13783 .elementor-element.elementor-element-667bca9{width:49%;}}<\/style>\t\t<div data-elementor-type=\"wp-page\" data-elementor-id=\"13783\" class=\"elementor elementor-13783 elementor-52\" data-elementor-settings=\"{&quot;ha_cmc_init_switcher&quot;:&quot;no&quot;}\" data-elementor-post-type=\"page\">\n\t\t\t\t\t\t<section class=\"elementor-section elementor-top-section elementor-element elementor-element-0d20fe4 elementor-section-content-middle elementor-reverse-mobile elementor-section-boxed elementor-section-height-default elementor-section-height-default\" data-id=\"0d20fe4\" data-element_type=\"section\" data-e-type=\"section\" data-settings=\"{&quot;background_background&quot;:&quot;gradient&quot;,&quot;_ha_eqh_enable&quot;:false}\">\n\t\t\t\t\t\t<div class=\"elementor-container elementor-column-gap-no\">\n\t\t\t\t\t<div class=\"elementor-column elementor-col-50 elementor-top-column elementor-element elementor-element-667bca9\" data-id=\"667bca9\" data-element_type=\"column\" data-e-type=\"column\">\n\t\t\t<div class=\"elementor-widget-wrap elementor-element-populated\">\n\t\t\t\t\t\t<div class=\"elementor-element elementor-element-207c9e9 elementor-widget elementor-widget-image\" data-id=\"207c9e9\" data-element_type=\"widget\" data-e-type=\"widget\" data-widget_type=\"image.default\">\n\t\t\t\t<div class=\"elementor-widget-container\">\n\t\t\t\t\t\t\t\t\t\t\t\t\t\t\t<img alt=\"\" fetchpriority=\"high\" decoding=\"async\" width=\"459\" height=\"467\" src=\"https:\/\/geniabioenergy.com\/wp-content\/uploads\/2021\/09\/BLOG-GENIA-BIOENERGY.png\" class=\"attachment-large size-large wp-image-11411\" alt=\"\" srcset=\"https:\/\/geniabioenergy.com\/wp-content\/uploads\/2021\/09\/BLOG-GENIA-BIOENERGY.png 459w, https:\/\/geniabioenergy.com\/wp-content\/uploads\/2021\/09\/BLOG-GENIA-BIOENERGY-295x300.png 295w\" sizes=\"(max-width: 459px) 100vw, 459px\" \/>\t\t\t\t\t\t\t\t\t\t\t\t\t\t\t<\/div>\n\t\t\t\t<\/div>\n\t\t\t\t\t<\/div>\n\t\t<\/div>\n\t\t\t\t<div class=\"elementor-column elementor-col-50 elementor-top-column elementor-element elementor-element-85e3eb8\" data-id=\"85e3eb8\" data-element_type=\"column\" data-e-type=\"column\">\n\t\t\t<div class=\"elementor-widget-wrap elementor-element-populated\">\n\t\t\t\t\t\t<div class=\"elementor-element elementor-element-b3c2a62 elementor-widget elementor-widget-heading\" data-id=\"b3c2a62\" data-element_type=\"widget\" data-e-type=\"widget\" data-widget_type=\"heading.default\">\n\t\t\t\t<div class=\"elementor-widget-container\">\n\t\t\t\t\t<h1 class=\"elementor-heading-title elementor-size-default\">Le blog de Genia Bioenergy<\/h1>\t\t\t\t<\/div>\n\t\t\t\t<\/div>\n\t\t\t\t<div class=\"elementor-element elementor-element-5619bac elementor-widget elementor-widget-text-editor\" data-id=\"5619bac\" data-element_type=\"widget\" data-e-type=\"widget\" data-widget_type=\"text-editor.default\">\n\t\t\t\t<div class=\"elementor-widget-container\">\n\t\t\t\t\t\t\t\t\t<p class=\"p1\">Retrouvez toutes les publications <strong>sur les \u00e9nergies renouvelables, le d\u00e9veloppement durable, le biogaz, le biom\u00e9thane, l&rsquo;hydrog\u00e8ne vert<\/strong> et tout ce qui concerne le secteur des gaz renouvelables. <\/p>\n\t\t\t\t\t\t\t\t<\/div>\n\t\t\t\t<\/div>\n\t\t\t\t\t<\/div>\n\t\t<\/div>\n\t\t\t\t\t<\/div>\n\t\t<\/section>\n\t\t\t\t<section class=\"elementor-section elementor-top-section elementor-element elementor-element-2c162a0a elementor-section-boxed elementor-section-height-default elementor-section-height-default\" data-id=\"2c162a0a\" data-element_type=\"section\" data-e-type=\"section\" data-settings=\"{&quot;_ha_eqh_enable&quot;:false}\">\n\t\t\t\t\t\t<div class=\"elementor-container elementor-column-gap-default\">\n\t\t\t\t\t<div class=\"elementor-column elementor-col-100 elementor-top-column elementor-element elementor-element-58fc788c\" data-id=\"58fc788c\" data-element_type=\"column\" data-e-type=\"column\">\n\t\t\t<div class=\"elementor-widget-wrap elementor-element-populated\">\n\t\t\t\t\t\t<div class=\"elementor-element elementor-element-96cd331 elementor-grid-2 pp-equal-height-yes pp-post-filters-align-center elementor-grid-tablet-2 elementor-grid-mobile-1 elementor-widget elementor-widget-pp-posts\" data-id=\"96cd331\" data-element_type=\"widget\" data-e-type=\"widget\" data-widget_type=\"pp-posts.overlap\">\n\t\t\t\t<div class=\"elementor-widget-container\">\n\t\t\t\t\t\t\t\t<div class=\"pp-posts-container\">\n\t\t\t\t\t<div class=\"pp-posts-empty\">\n\t\t\t\t\t\t\t<p>Il semble que nous ne trouvions pas ce que vous cherchez.<\/p>\n\t\t\t\n\t\t\t\t\t<\/div>\n\t\t\t\t\t<\/div>\n\t\t\t\t\t\t\t<\/div>\n\t\t\t\t<\/div>\n\t\t\t\t\t<\/div>\n\t\t<\/div>\n\t\t\t\t\t<\/div>\n\t\t<\/section>\n\t\t\t\t<\/div>\n\t\t","protected":false},"excerpt":{"rendered":"<p>Le blog de Genia Bioenergy Retrouvez toutes les publications sur les \u00e9nergies renouvelables, le d\u00e9veloppement durable, le biogaz, le biom\u00e9thane, l&rsquo;hydrog\u00e8ne vert et tout ce qui concerne le secteur des gaz renouvelables. Tous Biog\u00e1s Biometano Materia org\u00e1nica Residuos Sin categorizar Sostenibilidad La importancia de la pasteurizaci\u00f3n del digestato El aprovechamiento del digestato procedente de la [&hellip;]<\/p>\n","protected":false},"author":1,"featured_media":0,"parent":0,"menu_order":0,"comment_status":"closed","ping_status":"closed","template":"elementor_header_footer","meta":{"_acf_changed":false,"_seopress_robots_primary_cat":"","_seopress_titles_title":" Blog | Genia Bioenergy","_seopress_titles_desc":"Acc\u00e9dez \u00e0 notre blog sur les \u00e9nergies renouvelables, le d\u00e9veloppement durable, le biogaz, le biom\u00e9thane, l'hydrog\u00e8ne et tout ce qui concerne le secteur du gaz","_seopress_robots_index":"","footnotes":""},"class_list":["post-13783","page","type-page","status-publish","hentry"],"acf":[],"_links":{"self":[{"href":"https:\/\/geniabioenergy.com\/fr\/wp-json\/wp\/v2\/pages\/13783","targetHints":{"allow":["GET"]}}],"collection":[{"href":"https:\/\/geniabioenergy.com\/fr\/wp-json\/wp\/v2\/pages"}],"about":[{"href":"https:\/\/geniabioenergy.com\/fr\/wp-json\/wp\/v2\/types\/page"}],"author":[{"embeddable":true,"href":"https:\/\/geniabioenergy.com\/fr\/wp-json\/wp\/v2\/users\/1"}],"replies":[{"embeddable":true,"href":"https:\/\/geniabioenergy.com\/fr\/wp-json\/wp\/v2\/comments?post=13783"}],"version-history":[{"count":0,"href":"https:\/\/geniabioenergy.com\/fr\/wp-json\/wp\/v2\/pages\/13783\/revisions"}],"wp:attachment":[{"href":"https:\/\/geniabioenergy.com\/fr\/wp-json\/wp\/v2\/media?parent=13783"}],"curies":[{"name":"wp","href":"https:\/\/api.w.org\/{rel}","templated":true}]}}